{"id":11,"date":"2014-08-29T01:35:07","date_gmt":"2014-08-29T04:35:07","guid":{"rendered":"http:\/\/wp\/?page_id=11"},"modified":"2023-03-30T19:48:26","modified_gmt":"2023-03-30T22:48:26","slug":"produtos","status":"publish","type":"page","link":"https:\/\/bioprocessimprovement.com\/en\/produtos\/","title":{"rendered":"Produtos e Servi\u00e7os"},"content":{"rendered":"<div id='av_section_1'  class='avia-section main_color avia-section-default avia-no-border-styling  avia-full-stretch avia-bg-style-scroll  avia-builder-el-0  el_before_av_section  avia-builder-el-first  banner-home-desk  av-medium-hide av-small-hide av-mini-hide av-minimum-height av-minimum-height-custom  container_wrap sidebar_right' style='background-repeat: no-repeat; background-image: url(https:\/\/bioprocessimprovement.com\/wp-content\/uploads\/2020\/07\/banner-produtos.jpg);background-attachment: scroll; background-position: top left;  '  data-section-bg-repeat='stretch'><div class='av-section-color-overlay-wrap'><a href='#next-section' title='' class='scroll-down-link  av-custom-scroll-down-color' style='color: #7bb0e7;' aria-hidden='true' data-av_icon='\ue877' data-av_iconfont='entypo-fontello'><\/a><div class='container' style='height:430px'><main  role=\"main\" itemprop=\"mainContentOfPage\"  class='template-page content  av-content-small alpha units'><div class='post-entry post-entry-type-page post-entry-11'><div class='entry-content-wrapper clearfix'>\n<div  style='padding-bottom:40px; color:#ffffff;font-size:72px;' class='av-special-heading av-special-heading-h2 custom-color-heading blockquote modern-quote  avia-builder-el-1  avia-builder-el-no-sibling  av-inherit-size'><h2 class='av-special-heading-tag'  itemprop=\"headline\"  >Products<\/h2><div class ='av-subheading av-subheading_below av_custom_color' style='font-size:20px;'><p>Check out our latest products.<br \/>\nWe should add your project here.<\/p>\n<\/div><div class='special-heading-border'><div class='special-heading-inner-border' style='border-color:#ffffff'><\/div><\/div><\/div>\n\n<\/div><\/div><\/main><!-- close content main element --><\/div><\/div><\/div><div id='av_section_2'  class='avia-section main_color avia-section-default avia-no-border-styling  avia-full-contain avia-bg-style-scroll  avia-builder-el-2  el_after_av_section  el_before_av_section  banner-home-mobi-produtos  av-desktop-hide av-minimum-height av-minimum-height-custom  container_wrap sidebar_right' style='background-repeat: no-repeat; background-image: url(https:\/\/bioprocessimprovement.com\/wp-content\/uploads\/2020\/07\/banner-produtos.jpg);background-attachment: scroll; background-position: bottom left;  '  data-section-bg-repeat='contain'><div class='av-section-color-overlay-wrap'><a href='#next-section' title='' class='scroll-down-link  av-custom-scroll-down-color' style='color: #7bb0e7;' aria-hidden='true' data-av_icon='\ue877' data-av_iconfont='entypo-fontello'><\/a><div class='container' style='height:430px'><div class='template-page content  av-content-small alpha units'><div class='post-entry post-entry-type-page post-entry-11'><div class='entry-content-wrapper clearfix'>\n<\/div><\/div><\/div><!-- close content main div --><\/div><\/div><\/div><div id='av_section_3'  class='avia-section main_color avia-section-default avia-no-border-styling  avia-bg-style-scroll  avia-builder-el-3  el_after_av_section  el_before_av_section   container_wrap sidebar_right' style=' '  ><div class='container' ><div class='template-page content  av-content-small alpha units'><div class='post-entry post-entry-type-page post-entry-11'><div class='entry-content-wrapper clearfix'>\n<div class=\"flex_column av_one_third  flex_column_div av-zero-column-padding first  avia-builder-el-4  el_before_av_one_third  avia-builder-el-first\" style='border-radius:0px; '><p><div  class='avia-image-container  av-styling-    avia-builder-el-5  el_before_av_hr  avia-builder-el-first  avia-align-left'  itemprop=\"image\" itemscope=\"itemscope\" itemtype=\"https:\/\/schema.org\/ImageObject\"  ><div class='avia-image-container-inner'><div class='avia-image-overlay-wrap'><img class='avia_image' src='https:\/\/bioprocessimprovement.com\/wp-content\/uploads\/2023\/02\/Artboard2-300x192.png' alt='' title='Artboard2' height=\"192\" width=\"300\"  itemprop=\"thumbnailUrl\"  \/><\/div><\/div><\/div><br \/>\n<div  style='height:10px' class='hr hr-invisible   avia-builder-el-6  el_after_av_image  el_before_av_heading'><span class='hr-inner' ><span class='hr-inner-style'><\/span><\/span><\/div><br \/>\n<div  style='padding-bottom:10px; margin-top:20px; ' class='av-special-heading av-special-heading-h2  blockquote modern-quote  avia-builder-el-7  el_after_av_hr  el_before_av_textblock'><h2 class='av-special-heading-tag'  itemprop=\"headline\"  >Biological control<\/h2><div class='special-heading-border'><div class='special-heading-inner-border' ><\/div><\/div><\/div><br \/>\n<section class=\"av_textblock_section\"  itemscope=\"itemscope\" itemtype=\"https:\/\/schema.org\/CreativeWork\" ><div class='avia_textblock'   itemprop=\"text\" ><p style=\"font-weight: 400;\"><span style=\"font-weight: 400;\">Coquetel antibacteriano para o controle das principais bact\u00e9rias contaminantes do seu processo. O coquetel antibacteriano n\u00e3o adiciona res\u00edduos ao processo, \u00e9 isento de antibi\u00f3ticos e qu\u00edmicos, al\u00e9m de n\u00e3o afetar a sua produtividade.<\/span><\/p>\n<\/div><\/section><\/p><\/div><div class=\"flex_column av_one_third  flex_column_div av-zero-column-padding   avia-builder-el-9  el_after_av_one_third  el_before_av_one_third\" style='border-radius:0px; '><p><div  class='avia-image-container  av-styling-    avia-builder-el-10  el_before_av_hr  avia-builder-el-first  avia-align-left'  itemprop=\"image\" itemscope=\"itemscope\" itemtype=\"https:\/\/schema.org\/ImageObject\"  ><div class='avia-image-container-inner'><div class='avia-image-overlay-wrap'><img class='avia_image' src='https:\/\/bioprocessimprovement.com\/wp-content\/uploads\/2023\/02\/Artboard2_4-300x188.png' alt='' title='Artboard2_4' height=\"188\" width=\"300\"  itemprop=\"thumbnailUrl\"  \/><\/div><\/div><\/div><br \/>\n<div  style='height:10px' class='hr hr-invisible   avia-builder-el-11  el_after_av_image  el_before_av_heading'><span class='hr-inner' ><span class='hr-inner-style'><\/span><\/span><\/div><br \/>\n<div  style='padding-bottom:10px; margin-top:20px; ' class='av-special-heading av-special-heading-h2  blockquote modern-quote  avia-builder-el-12  el_after_av_hr  el_before_av_textblock'><h2 class='av-special-heading-tag'  itemprop=\"headline\"  >Monitoramento da contamina\u00e7\u00e3o bacteriana<\/h2><div class='special-heading-border'><div class='special-heading-inner-border' ><\/div><\/div><\/div><br \/>\n<section class=\"av_textblock_section\"  itemscope=\"itemscope\" itemtype=\"https:\/\/schema.org\/CreativeWork\" ><div class='avia_textblock'   itemprop=\"text\" ><p>Realizamos o acompanhamento de contamina\u00e7\u00e3o bacteriana em suas amostras para identifica\u00e7\u00e3o do microrganismo contaminante e melhor alternativa para descontamina\u00e7\u00e3o sem atrapalhar o seu processo.<\/p>\n<\/div><\/section><\/p><\/div><div class=\"flex_column av_one_third  flex_column_div av-zero-column-padding   avia-builder-el-14  el_after_av_one_third  avia-builder-el-last\" style='border-radius:0px; '><p><div  class='avia-image-container  av-styling-    avia-builder-el-15  el_before_av_hr  avia-builder-el-first  avia-align-left'  itemprop=\"image\" itemscope=\"itemscope\" itemtype=\"https:\/\/schema.org\/ImageObject\"  ><div class='avia-image-container-inner'><div class='avia-image-overlay-wrap'><img class='avia_image' src='https:\/\/bioprocessimprovement.com\/wp-content\/uploads\/2023\/02\/Artboard2_3-300x188.png' alt='' title='Artboard2_3' height=\"188\" width=\"300\"  itemprop=\"thumbnailUrl\"  \/><\/div><\/div><\/div><br \/>\n<div  style='height:10px' class='hr hr-invisible   avia-builder-el-16  el_after_av_image  el_before_av_heading'><span class='hr-inner' ><span class='hr-inner-style'><\/span><\/span><\/div><br \/>\n<div  style='padding-bottom:10px; margin-top:20px; ' class='av-special-heading av-special-heading-h2  blockquote modern-quote  avia-builder-el-17  el_after_av_hr  el_before_av_textblock'><h2 class='av-special-heading-tag'  itemprop=\"headline\"  >Prototipagem virtual de equipamentos e processos<\/h2><div class='special-heading-border'><div class='special-heading-inner-border' ><\/div><\/div><\/div><br \/>\n<section class=\"av_textblock_section\"  itemscope=\"itemscope\" itemtype=\"https:\/\/schema.org\/CreativeWork\" ><div class='avia_textblock'   itemprop=\"text\" ><p style=\"font-weight: 400;\"><span style=\"font-weight: 400;\">Desenvolvemos um prot\u00f3tipo virtual do seu equipamento ou processo para ganhar mais tempo e assertividade em seu processo<\/span> <span style=\"font-weight: 400;\">sem a necessidade de parada da f\u00e1brica e investimentos em equipamentos por tentativa e erro. Pode ser aplicado para resolu\u00e7\u00e3o ou diagn\u00f3stico de problemas atrav\u00e9s da simula\u00e7\u00e3o diversos tipos de processos.<\/span><\/p>\n<\/div><\/section><\/p><\/div><\/div><\/div><\/div><!-- close content main div --><\/div><\/div><div id='av_section_4'  class='avia-section main_color avia-section-default avia-no-border-styling  avia-bg-style-scroll  avia-builder-el-19  el_after_av_section  el_before_av_button_big   container_wrap sidebar_right' style=' '  ><div class='container' ><div class='template-page content  av-content-small alpha units'><div class='post-entry post-entry-type-page post-entry-11'><div class='entry-content-wrapper clearfix'>\n<div class=\"flex_column av_one_third  flex_column_div av-zero-column-padding first  avia-builder-el-20  el_before_av_one_third  avia-builder-el-first\" style='border-radius:0px; '><p><div  class='avia-image-container  av-styling-    avia-builder-el-21  el_before_av_hr  avia-builder-el-first  avia-align-left'  itemprop=\"image\" itemscope=\"itemscope\" itemtype=\"https:\/\/schema.org\/ImageObject\"  ><div class='avia-image-container-inner'><div class='avia-image-overlay-wrap'><img class='avia_image' src='https:\/\/bioprocessimprovement.com\/wp-content\/uploads\/2023\/02\/Artboard2_2-300x192.png' alt='' title='Artboard2_2' height=\"192\" width=\"300\"  itemprop=\"thumbnailUrl\"  \/><\/div><\/div><\/div><br \/>\n<div  style='height:10px' class='hr hr-invisible   avia-builder-el-22  el_after_av_image  el_before_av_heading'><span class='hr-inner' ><span class='hr-inner-style'><\/span><\/span><\/div><br \/>\n<div  style='padding-bottom:10px; margin-top:20px; ' class='av-special-heading av-special-heading-h2  blockquote modern-quote  avia-builder-el-23  el_after_av_hr  el_before_av_textblock'><h2 class='av-special-heading-tag'  itemprop=\"headline\"  >Sensores Virtuais \/ Software sensor<\/h2><div class='special-heading-border'><div class='special-heading-inner-border' ><\/div><\/div><\/div><br \/>\n<section class=\"av_textblock_section\"  itemscope=\"itemscope\" itemtype=\"https:\/\/schema.org\/CreativeWork\" ><div class='avia_textblock'   itemprop=\"text\" ><p style=\"font-weight: 400;\"><span style=\"font-weight: 400;\">Sensores Virtuais s\u00e3o algoritmos utilizados para inferir vari\u00e1veis de dif\u00edcil medida a partir de medidas simples e de baixo custo. Possibilita a obten\u00e7\u00e3o, atrav\u00e9s de uma rede neural baseada em intelig\u00eancia artificial, a infer\u00eancia de dados precisos da sua fermenta\u00e7\u00e3o.<\/span><\/p>\n<\/div><\/section><\/p><\/div><div class=\"flex_column av_one_third  flex_column_div av-zero-column-padding   avia-builder-el-25  el_after_av_one_third  el_before_av_one_third\" style='border-radius:0px; '><p><div  class='avia-image-container  av-styling-    avia-builder-el-26  el_before_av_hr  avia-builder-el-first  avia-align-left'  itemprop=\"image\" itemscope=\"itemscope\" itemtype=\"https:\/\/schema.org\/ImageObject\"  ><div class='avia-image-container-inner'><div class='avia-image-overlay-wrap'><img class='avia_image' src='https:\/\/bioprocessimprovement.com\/wp-content\/uploads\/2023\/02\/Artboard1-300x188.png' alt='' title='Artboard1' height=\"188\" width=\"300\"  itemprop=\"thumbnailUrl\"  \/><\/div><\/div><\/div><br \/>\n<div  style='height:10px' class='hr hr-invisible   avia-builder-el-27  el_after_av_image  el_before_av_heading'><span class='hr-inner' ><span class='hr-inner-style'><\/span><\/span><\/div><br \/>\n<div  style='padding-bottom:10px; margin-top:20px; ' class='av-special-heading av-special-heading-h2  blockquote modern-quote  avia-builder-el-28  el_after_av_hr  el_before_av_textblock'><h2 class='av-special-heading-tag'  itemprop=\"headline\"  >Otimiza\u00e7\u00e3o de bioprocessos<\/h2><div class='special-heading-border'><div class='special-heading-inner-border' ><\/div><\/div><\/div><br \/>\n<section class=\"av_textblock_section\"  itemscope=\"itemscope\" itemtype=\"https:\/\/schema.org\/CreativeWork\" ><div class='avia_textblock'   itemprop=\"text\" ><p style=\"font-weight: 400;\"><span style=\"font-weight: 400;\">A otimiza\u00e7\u00e3o de bioprocessos consiste em encontrar as melhores condi\u00e7\u00f5es para a sua produ\u00e7\u00e3o no menor tempo e menor n\u00famero de tentativas. A assertividade na melhoria do seu processo garante redu\u00e7\u00e3o de custos e ganhos de produtividade. Utilizamos da expertise da nossa equipe em bioprocessos para obter resultados satisfat\u00f3rios para o seu processo.<\/span><\/p>\n<\/div><\/section><\/p><\/div><div class=\"flex_column av_one_third  flex_column_div av-zero-column-padding   avia-builder-el-30  el_after_av_one_third  avia-builder-el-last\" style='border-radius:0px; '><p><div  class='avia-image-container  av-styling-    avia-builder-el-31  el_before_av_hr  avia-builder-el-first  avia-align-left'  itemprop=\"image\" itemscope=\"itemscope\" itemtype=\"https:\/\/schema.org\/ImageObject\"  ><div class='avia-image-container-inner'><div class='avia-image-overlay-wrap'><img class='avia_image' src='https:\/\/bioprocessimprovement.com\/wp-content\/uploads\/2020\/07\/logotipo-bioprocess-white-300x138.png' alt='' title='logotipo-bioprocess-white' height=\"138\" width=\"300\"  itemprop=\"thumbnailUrl\"  \/><\/div><\/div><\/div><br \/>\n<div  style='height:10px' class='hr hr-invisible   avia-builder-el-32  el_after_av_image  el_before_av_heading'><span class='hr-inner' ><span class='hr-inner-style'><\/span><\/span><\/div><br \/>\n<br \/>\n<section class=\"av_textblock_section\"  itemscope=\"itemscope\" itemtype=\"https:\/\/schema.org\/CreativeWork\" ><div class='avia_textblock'   itemprop=\"text\" ><\/div><\/section><\/p><\/div>\n<\/p>\n<div  class='avia-button-wrap avia-button-center  avia-builder-el-35  el_after_av_section  avia-builder-el-last' ><a href='https:\/\/bioprocessimprovement.com\/en\/contato\/' class='avia-button avia-button-fullwidth  av-icon-on-hover avia-icon_select-yes-right-icon avia-color-custom'  style='color:#ffffff; background-color:#307ecc;  ' ><span class='avia_iconbox_title' >Get in touch<\/span><span class='avia_button_icon avia_button_icon_right' aria-hidden='true' data-av_icon='\ue805' data-av_iconfont='entypo-fontello'><\/span><div class='av-button-description av-button-description-below'><p>Present your project let's work together!<\/p>\n<\/div><span class='avia_button_background avia-button avia-button-fullwidth avia-color-custom' style='background-color:#444444; '><\/span><\/a><\/div>","protected":false},"excerpt":{"rendered":"","protected":false},"author":1,"featured_media":0,"parent":0,"menu_order":0,"comment_status":"open","ping_status":"closed","template":"","meta":{"footnotes":""},"class_list":["post-11","page","type-page","status-publish","hentry"],"_links":{"self":[{"href":"https:\/\/bioprocessimprovement.com\/en\/wp-json\/wp\/v2\/pages\/11","targetHints":{"allow":["GET"]}}],"collection":[{"href":"https:\/\/bioprocessimprovement.com\/en\/wp-json\/wp\/v2\/pages"}],"about":[{"href":"https:\/\/bioprocessimprovement.com\/en\/wp-json\/wp\/v2\/types\/page"}],"author":[{"embeddable":true,"href":"https:\/\/bioprocessimprovement.com\/en\/wp-json\/wp\/v2\/users\/1"}],"replies":[{"embeddable":true,"href":"https:\/\/bioprocessimprovement.com\/en\/wp-json\/wp\/v2\/comments?post=11"}],"version-history":[{"count":34,"href":"https:\/\/bioprocessimprovement.com\/en\/wp-json\/wp\/v2\/pages\/11\/revisions"}],"predecessor-version":[{"id":4728,"href":"https:\/\/bioprocessimprovement.com\/en\/wp-json\/wp\/v2\/pages\/11\/revisions\/4728"}],"wp:attachment":[{"href":"https:\/\/bioprocessimprovement.com\/en\/wp-json\/wp\/v2\/media?parent=11"}],"curies":[{"name":"wp","href":"https:\/\/api.w.org\/{rel}","templated":true}]}}