{"id":367,"date":"2014-09-13T17:30:30","date_gmt":"2014-09-13T20:30:30","guid":{"rendered":"http:\/\/wp\/?page_id=367"},"modified":"2023-03-30T19:32:20","modified_gmt":"2023-03-30T22:32:20","slug":"atuacao","status":"publish","type":"page","link":"https:\/\/bioprocessimprovement.com\/en\/atuacao\/","title":{"rendered":"Procedure"},"content":{"rendered":"<div id='full_slider_1'  class='avia-fullwidth-slider main_color avia-shadow   avia-builder-el-0  el_before_av_section  avia-builder-el-first   container_wrap sidebar_right' style=' '  ><div   data-size='featured'  data-lightbox_size='large'  data-animation='slide'  data-conditional_play=''  data-ids='4171'  data-video_counter='0'  data-autoplay='false'  data-bg_slider='false'  data-slide_height=''  data-handle='av_slideshow_full'  data-interval='5'  data-class=' '  data-el_id=''  data-css_id=''  data-scroll_down=''  data-control_layout='av-control-default'  data-custom_markup=''  data-perma_caption=''  data-autoplay_stopper=''  data-image_attachment=''  data-min_height='0px'  data-src=''  data-position='top left'  data-repeat='no-repeat'  data-attach='scroll'  data-stretch=''  data-default-height='28.666666666667'  class='avia-slideshow avia-slideshow-1  av-control-default av-default-height-applied avia-slideshow-featured av_slideshow_full   avia-slide-slider'  itemprop=\"image\" itemscope=\"itemscope\" itemtype=\"https:\/\/schema.org\/ImageObject\" ><ul class='avia-slideshow-inner' style='padding-bottom: 28.666666666667%;' ><li  class='av-single-slide slide-1' ><div data-rel='slideshow-1' class='avia-slide-wrap'   ><img src='https:\/\/bioprocessimprovement.com\/wp-content\/uploads\/2020\/07\/banner-atua\u00e7\u00e3o-1500x430.jpg' width='1500' height='430' title='banner-atua\u00e7\u00e3o' alt=''  itemprop=\"thumbnailUrl\"   \/><\/div><\/li><\/ul><\/div><\/div>\n<div id='av_section_1'  class='avia-section main_color avia-section-default avia-no-border-styling  avia-bg-style-scroll  avia-builder-el-1  el_after_av_slideshow_full  el_before_av_layout_row   container_wrap sidebar_right' style=' '  ><div class='container' ><div class='template-page content  av-content-small alpha units'><div class='post-entry post-entry-type-page post-entry-367'><div class='entry-content-wrapper clearfix'>\n<div class=\"flex_column av_one_fourth  flex_column_div av-zero-column-padding first  avia-builder-el-2  el_before_av_one_fourth  avia-builder-el-first\" style='border-radius:0px; '><article  class=\"iconbox iconbox_top av-no-box   avia-builder-el-3  avia-builder-el-no-sibling\"  itemscope=\"itemscope\" itemtype=\"https:\/\/schema.org\/CreativeWork\" ><div class=\"iconbox_content\"><header class=\"entry-content-header\"><a href='http:\/\/bioprocessimprovement.com\/en\/atuacao\/#atuacao-projetos' title='Projects'  class=\"iconbox_icon heading-color\" aria-hidden='true' data-av_icon='\ue849' data-av_iconfont='entypo-fontello'  style='background-color:#693c90; color:#ffffff; ' ><\/a><h3 class='iconbox_content_title'  itemprop=\"headline\"  ><a href='http:\/\/bioprocessimprovement.com\/en\/atuacao\/#atuacao-projetos' title='Projects' >Projects<\/a><\/h3><\/header><div class='iconbox_content_container'  itemprop=\"text\"  ><p style=\"font-weight: 400;\"><span style=\"font-weight: 400;\">Desenvolvemos projetos inovadores e disruptivos desde TRL 1 at\u00e9 TRL 9.<\/span><\/p>\n<\/div><\/div><footer class=\"entry-footer\"><\/footer><\/article><\/div><div class=\"flex_column av_one_fourth  flex_column_div   avia-builder-el-4  el_after_av_one_fourth  el_before_av_one_fourth\" ><article  class=\"iconbox iconbox_top av-no-box   avia-builder-el-5  avia-builder-el-no-sibling\"  itemscope=\"itemscope\" itemtype=\"https:\/\/schema.org\/CreativeWork\" ><div class=\"iconbox_content\"><header class=\"entry-content-header\"><a href='http:\/\/bioprocessimprovement.com\/en\/atuacao\/#atuacao-consultoria' title='Consultancy'  class=\"iconbox_icon heading-color\" aria-hidden='true' data-av_icon='\ue826' data-av_iconfont='entypo-fontello'  style='background-color:#55a6ed; color:#ffffff; ' ><\/a><h3 class='iconbox_content_title'  itemprop=\"headline\"  ><a href='http:\/\/bioprocessimprovement.com\/en\/atuacao\/#atuacao-consultoria' title='Consultancy' >Consultancy<\/a><\/h3><\/header><div class='iconbox_content_container'  itemprop=\"text\"  ><p style=\"font-weight: 400;\"><span style=\"font-weight: 400;\">Equipe altamente qualificada, capacitada e que possui grande hist\u00f3rico de sucesso em projetos de PD&#038;I.\u00a0<\/span><\/p>\n<\/div><\/div><footer class=\"entry-footer\"><\/footer><\/article><\/div><div class=\"flex_column av_one_fourth  flex_column_div   avia-builder-el-6  el_after_av_one_fourth  el_before_av_one_fourth\" ><article  class=\"iconbox iconbox_top av-no-box   avia-builder-el-7  avia-builder-el-no-sibling\"  itemscope=\"itemscope\" itemtype=\"https:\/\/schema.org\/CreativeWork\" ><div class=\"iconbox_content\"><header class=\"entry-content-header\"><a href='http:\/\/bioprocessimprovement.com\/en\/atuacao\/#atuacao-consultoria' title='Trainings'  class=\"iconbox_icon heading-color\" aria-hidden='true' data-av_icon='\ue80b' data-av_iconfont='entypo-fontello'  style='background-color:#51454b; color:#ffffff; ' ><\/a><h3 class='iconbox_content_title'  itemprop=\"headline\"  ><a href='http:\/\/bioprocessimprovement.com\/en\/atuacao\/#atuacao-consultoria' title='Trainings' >Trainings<\/a><\/h3><\/header><div class='iconbox_content_container'  itemprop=\"text\"  ><p style=\"font-weight: 400;\"><span style=\"font-weight: 400;\">Treinamento e Capacita\u00e7\u00e3o de pessoas para otimiza\u00e7\u00e3o de processos.<\/span><\/p>\n<\/div><\/div><footer class=\"entry-footer\"><\/footer><\/article><\/div><div class=\"flex_column av_one_fourth  flex_column_div   avia-builder-el-8  el_after_av_one_fourth  el_before_av_hr\" ><article  class=\"iconbox iconbox_top av-no-box   avia-builder-el-9  avia-builder-el-no-sibling\"  itemscope=\"itemscope\" itemtype=\"https:\/\/schema.org\/CreativeWork\" ><div class=\"iconbox_content\"><header class=\"entry-content-header\"><a href='http:\/\/bioprocessimprovement.com\/en\/atuacao\/#atuacao-radar' title='Technological Radar'  class=\"iconbox_icon heading-color\" aria-hidden='true' data-av_icon='\ue8ae' data-av_iconfont='entypo-fontello'  style='background-color:#0cce94; color:#ffffff; ' ><\/a><h3 class='iconbox_content_title'  itemprop=\"headline\"  ><a href='http:\/\/bioprocessimprovement.com\/en\/atuacao\/#atuacao-radar' title='Technological Radar' >Technological Radar<\/a><\/h3><\/header><div class='iconbox_content_container'  itemprop=\"text\"  ><p style=\"font-weight: 400;\"><span style=\"font-weight: 400;\">Organizamos e Gerenciamos funis de inova\u00e7\u00e3o tecnol\u00f3gica;<\/span><\/p>\n<\/div><\/div><footer class=\"entry-footer\"><\/footer><\/article><\/div><div  style=' margin-top:50px; margin-bottom:-30px;'  class='hr hr-custom hr-center hr-icon-yes   avia-builder-el-10  el_after_av_one_fourth  avia-builder-el-last'><span class='hr-inner  inner-border-av-border-thin' style=' width:50px; max-width:45%;' ><span class='hr-inner-style'><\/span><\/span><span class='av-seperator-icon' style='color:#f1c40f;' aria-hidden='true' data-av_icon='\ue8b4' data-av_iconfont='entypo-fontello'><\/span><span class='hr-inner  inner-border-av-border-thin' style=' width:50px; max-width:45%;' ><span class='hr-inner-style'><\/span><\/span><\/div>\n\n<\/div><\/div><\/div><!-- close content main div --><\/div><\/div><div id='atuacao-projetos'  class='av-layout-grid-container entry-content-wrapper main_color av-flex-cells     avia-builder-el-11  el_after_av_section  el_before_av_layout_row  submenu-not-first container_wrap sidebar_right' style=' '  >\n<div class=\"flex_cell no_margin av_one_half  avia-builder-el-12  el_before_av_cell_one_fourth  avia-builder-el-first\"  style='background: #693c90; vertical-align:middle; padding:60px; background-color:#693c90; ' ><div class='flex_cell_inner' ><p><div  style='padding-bottom:10px; color:#ffffff;' class='av-special-heading av-special-heading-h1 custom-color-heading blockquote modern-quote modern-right  avia-builder-el-13  el_before_av_hr  avia-builder-el-first'><div class ='av-subheading av-subheading_above av_custom_color' style='font-size:15px;'><p>Our Projects<\/p>\n<\/div><h1 class='av-special-heading-tag'  itemprop=\"headline\"  >Biotechnology and Processes<\/h1><div class='special-heading-border'><div class='special-heading-inner-border' style='border-color:#ffffff'><\/div><\/div><\/div><br \/>\n<div  style=' margin-top:0; margin-bottom:0;'  class='hr hr-custom hr-right hr-icon-no   avia-builder-el-14  el_after_av_heading  el_before_av_textblock'><span class='hr-inner  inner-border-av-border-thin' style=' width:50px; border-color:#ffffff;' ><span class='hr-inner-style'><\/span><\/span><\/div><br \/>\n<section class=\"av_textblock_section\"  itemscope=\"itemscope\" itemtype=\"https:\/\/schema.org\/CreativeWork\" ><div class='avia_textblock  av_inherit_color'  style='font-size:16px; color:#ffffff; '  itemprop=\"text\" ><p style=\"text-align: right;\">A <strong>Bioprocess Improvement<\/strong> tem sua atua\u00e7\u00e3o destacada em Biotecnologia e Processos (Bioprocessos). Dentro da \u00e1rea de Biotecnologia aplicada destaca-se o projeto de Controle Biol\u00f3gico de Processos Fermentativos Industriais. J\u00e1 no segmento de Processos, os destaques est\u00e3o na Prototipagem Virtual de Processos Fermentativos Industriais, na Biorrefinaria Virtual e na <strong>Bioprocess 4.0 <span style=\"font-weight: 400;\">que consiste no uso de Sensor Virtual baseado em intelig\u00eancia Artificial acoplado em G\u00eameos <\/span><\/strong><span style=\"font-weight: 400;\">Digitais<\/span>.<\/p>\n<\/div><\/section><\/p>\n<\/div><\/div><div class=\"flex_cell no_margin av_one_fourth  avia-builder-el-16  el_after_av_cell_one_half  el_before_av_cell_one_fourth   avia-full-stretch\"  style='background:url(https:\/\/bioprocessimprovement.com\/wp-content\/uploads\/2014\/09\/Feature-Image-GEN-M-Lab-Podcast_Bioprocessing-4.0-scaled-1.jpg) top left no-repeat scroll #55a6ed; vertical-align:middle; padding:60px; background-color:#55a6ed; ' ><div class='flex_cell_inner' ><div  class='avia-button-wrap avia-button-center  avia-builder-el-17  avia-builder-el-no-sibling' ><a href='https:\/\/bioprocessimprovement.com\/en\/servicos\/controle-biologico-2\/'  class='avia-button   avia-icon_select-no avia-color-custom avia-size-x-large avia-position-center'  style='background-color:#693c90; border-color:#693c90; color:#ffffff; ' ><span class='avia_iconbox_title' >BIOTECHNOLOGY<\/span><\/a><\/div>\n<\/div><\/div><div class=\"flex_cell no_margin av_one_fourth  avia-builder-el-18  el_after_av_cell_one_fourth  avia-builder-el-last   avia-full-stretch\"  style='background:url(https:\/\/bioprocessimprovement.com\/wp-content\/uploads\/2020\/07\/crop-scientist-accomplishing-research-in-modern-laboratory-3825377-scaled.jpg) top left no-repeat scroll #55a6ed; vertical-align:middle; padding:60px; background-color:#55a6ed; ' ><div class='flex_cell_inner' ><div  class='avia-button-wrap avia-button-center  avia-builder-el-19  avia-builder-el-no-sibling' ><a href='http:\/\/bioprocessimprovement.com\/en\/servicos\/processos\/'  class='avia-button   avia-icon_select-no avia-color-custom avia-size-x-large avia-position-center'  style='background-color:#16cd9c; border-color:#16cd9c; color:#ffffff; ' ><span class='avia_iconbox_title' >PROCEDURE<\/span><\/a><\/div>\n<\/div><\/div>\n<\/div>\n<div id='av-layout-grid-2'  class='av-layout-grid-container entry-content-wrapper main_color av-flex-cells     avia-builder-el-20  el_after_av_layout_row  el_before_av_layout_row  submenu-not-first container_wrap sidebar_right' style=' '  >\n<div class=\"flex_cell no_margin av_one_fifth  avia-builder-el-21  el_before_av_cell_three_fifth  avia-builder-el-first\"  style='vertical-align:top; padding:30px; ' ><div class='flex_cell_inner' ><\/div><\/div><div class=\"flex_cell no_margin av_three_fifth  avia-builder-el-22  el_after_av_cell_one_fifth  el_before_av_cell_one_fifth\"  style='vertical-align:top; padding:30px; ' ><div class='flex_cell_inner' ><div  style='padding-bottom:10px; ' class='av-special-heading av-special-heading-h2  blockquote modern-quote modern-centered  avia-builder-el-23  avia-builder-el-no-sibling'><div class ='av-subheading av-subheading_above' style='font-size:15px;'><p>Trust BioProcess Improvement<\/p>\n<\/div><h2 class='av-special-heading-tag'  itemprop=\"headline\"  >Your projects in the hands of experts.<\/h2><div class='special-heading-border'><div class='special-heading-inner-border' ><\/div><\/div><\/div>\n<\/div><\/div><div class=\"flex_cell no_margin av_one_fifth  avia-builder-el-24  el_after_av_cell_three_fifth  avia-builder-el-last\"  style='vertical-align:top; padding:30px; ' ><div class='flex_cell_inner' ><\/div><\/div><\/div><div id='atuacao-consultoria'  class='av-layout-grid-container entry-content-wrapper main_color av-flex-cells     avia-builder-el-25  el_after_av_layout_row  el_before_av_section  submenu-not-first container_wrap sidebar_right' style=' '  >\n<div class=\"flex_cell no_margin av_one_half  avia-builder-el-26  el_before_av_cell_one_half  avia-builder-el-first   avia-full-stretch\"  style='background:url(https:\/\/bioprocessimprovement.com\/wp-content\/uploads\/2020\/07\/man-in-white-shirt-holding-dental-tools-3779695.jpg) top left no-repeat scroll #0cce94; vertical-align:middle; padding:60px; background-color:#0cce94; ' ><div class='flex_cell_inner' ><\/div><\/div><div class=\"flex_cell no_margin av_one_half  avia-builder-el-27  el_after_av_cell_one_half  avia-builder-el-last\"  style='background: #15afe4; vertical-align:middle; padding:60px; background-color:#15afe4; ' ><div class='flex_cell_inner' ><p><div  style='padding-bottom:10px; color:#ffffff;' class='av-special-heading av-special-heading-h1 custom-color-heading blockquote modern-quote  avia-builder-el-28  el_before_av_hr  avia-builder-el-first'><div class ='av-subheading av-subheading_above av_custom_color' style='font-size:15px;'><p>Consulting and training<\/p>\n<\/div><h1 class='av-special-heading-tag'  itemprop=\"headline\"  >For businesses<\/h1><div class='special-heading-border'><div class='special-heading-inner-border' style='border-color:#ffffff'><\/div><\/div><\/div><br \/>\n<div  style=' margin-top:0; margin-bottom:0;'  class='hr hr-custom hr-left hr-icon-no   avia-builder-el-29  el_after_av_heading  el_before_av_textblock'><span class='hr-inner  inner-border-av-border-thin' style=' width:50px; border-color:#ffffff;' ><span class='hr-inner-style'><\/span><\/span><\/div><br \/>\n<section class=\"av_textblock_section\"  itemscope=\"itemscope\" itemtype=\"https:\/\/schema.org\/CreativeWork\" ><div class='avia_textblock  av_inherit_color'  style='font-size:16px; color:#ffffff; '  itemprop=\"text\" ><p>We also work with specialized consultancy, training and qualification of people and in the improvement and optimization of industrial processes, in the identification of process bottlenecks, with operational excellence and in the management of innovation \/ competitive intelligence.<\/p>\n<\/div><\/section><\/p>\n<\/div><\/div>\n<\/div><\/p>\n<div id='av_section_2'  class='avia-section main_color avia-section-default avia-no-border-styling  avia-bg-style-scroll  avia-builder-el-31  el_after_av_layout_row  el_before_av_layout_row   container_wrap sidebar_right' style='background-color: #15afe4;  '  ><div class='container' ><div class='template-page content  av-content-small alpha units'><div class='post-entry post-entry-type-page post-entry-367'><div class='entry-content-wrapper clearfix'>\n\t<div  style='color:#000000;' class='av_promobox  avia-button-yes   avia-builder-el-32  avia-builder-el-no-sibling'>\t\t<div class='avia-promocontent'><h3>For more information please contact us.<\/h3>\n<\/div><div  class='avia-button-wrap avia-button-right' ><a href=''  class='avia-button   avia-icon_select-yes-left-icon avia-color-custom avia-size-large avia-position-right'  style='background-color:#774e9a; border-color:#774e9a; color:#ffffff; ' ><span class='avia_button_icon avia_button_icon_left' aria-hidden='true' data-av_icon='\ue805' data-av_iconfont='entypo-fontello'><\/span><span class='avia_iconbox_title' >Contact<\/span><\/a><\/div><\/div>\n\n<\/div><\/div><\/div><!-- close content main div --><\/div><\/div><div id='atuacao-radar'  class='av-layout-grid-container entry-content-wrapper main_color av-flex-cells     avia-builder-el-33  el_after_av_section  avia-builder-el-last  submenu-not-first container_wrap sidebar_right' style=' '  >\n<div class=\"flex_cell no_margin av_one_half  avia-builder-el-34  el_before_av_cell_one_half  avia-builder-el-first\"  style='background: #0cce94; vertical-align:middle; padding:60px; background-color:#0cce94; ' ><div class='flex_cell_inner' ><p><div  style='padding-bottom:10px; color:#ffffff;' class='av-special-heading av-special-heading-h1 custom-color-heading blockquote modern-quote modern-right  avia-builder-el-35  el_before_av_hr  avia-builder-el-first'><div class ='av-subheading av-subheading_above av_custom_color' style='font-size:15px;'><p>Bioprocess Improvement is<\/p>\n<\/div><h1 class='av-special-heading-tag'  itemprop=\"headline\"  >Technological radar<\/h1><div class='special-heading-border'><div class='special-heading-inner-border' style='border-color:#ffffff'><\/div><\/div><\/div><br \/>\n<div  style=' margin-top:0; margin-bottom:0;'  class='hr hr-custom hr-right hr-icon-no   avia-builder-el-36  el_after_av_heading  el_before_av_textblock'><span class='hr-inner  inner-border-av-border-thin' style=' width:50px; border-color:#ffffff;' ><span class='hr-inner-style'><\/span><\/span><\/div><br \/>\n<section class=\"av_textblock_section\"  itemscope=\"itemscope\" itemtype=\"https:\/\/schema.org\/CreativeWork\" ><div class='avia_textblock  av_inherit_color'  style='font-size:16px; color:#ffffff; '  itemprop=\"text\" ><p style=\"text-align: right;\">We are a company recognized for excellence in scientific and technological knowledge whose main mission is to transform knowledge into innovation. Thus, we are based on the newest knowledge until its application in the industry.<\/p>\n<\/div><\/section><\/p>\n<\/div><\/div><div class=\"flex_cell no_margin av_one_half  avia-builder-el-38  el_after_av_cell_one_half  avia-builder-el-last   avia-full-stretch\"  style='background:url(https:\/\/bioprocessimprovement.com\/wp-content\/uploads\/2014\/09\/produto-2.jpg) top left no-repeat scroll #55a6ed; vertical-align:middle; padding:60px; background-color:#55a6ed; ' ><div class='flex_cell_inner' ><div  class='avia-button-wrap avia-button-center  avia-builder-el-39  avia-builder-el-no-sibling' ><a href='https:\/\/bioprocessimprovement.com\/en\/servicos\/radar-tecnologico\/'  class='avia-button   avia-icon_select-no avia-color-custom avia-size-x-large avia-position-center'  style='background-color:#0cce94; border-color:#0cce94; color:#ffffff; ' ><span class='avia_iconbox_title' >KNOW MORE<\/span><\/a><\/div>\n<\/div><\/div>\n<\/div>","protected":false},"excerpt":{"rendered":"","protected":false},"author":1,"featured_media":0,"parent":0,"menu_order":0,"comment_status":"open","ping_status":"closed","template":"","meta":{"footnotes":""},"class_list":["post-367","page","type-page","status-publish","hentry"],"_links":{"self":[{"href":"https:\/\/bioprocessimprovement.com\/en\/wp-json\/wp\/v2\/pages\/367","targetHints":{"allow":["GET"]}}],"collection":[{"href":"https:\/\/bioprocessimprovement.com\/en\/wp-json\/wp\/v2\/pages"}],"about":[{"href":"https:\/\/bioprocessimprovement.com\/en\/wp-json\/wp\/v2\/types\/page"}],"author":[{"embeddable":true,"href":"https:\/\/bioprocessimprovement.com\/en\/wp-json\/wp\/v2\/users\/1"}],"replies":[{"embeddable":true,"href":"https:\/\/bioprocessimprovement.com\/en\/wp-json\/wp\/v2\/comments?post=367"}],"version-history":[{"count":87,"href":"https:\/\/bioprocessimprovement.com\/en\/wp-json\/wp\/v2\/pages\/367\/revisions"}],"predecessor-version":[{"id":4723,"href":"https:\/\/bioprocessimprovement.com\/en\/wp-json\/wp\/v2\/pages\/367\/revisions\/4723"}],"wp:attachment":[{"href":"https:\/\/bioprocessimprovement.com\/en\/wp-json\/wp\/v2\/media?parent=367"}],"curies":[{"name":"wp","href":"https:\/\/api.w.org\/{rel}","templated":true}]}}