{"id":4139,"date":"2020-07-12T18:53:45","date_gmt":"2020-07-12T21:53:45","guid":{"rendered":"http:\/\/bioprocessimprovement.com\/?page_id=4139"},"modified":"2023-03-30T19:45:23","modified_gmt":"2023-03-30T22:45:23","slug":"equipe","status":"publish","type":"page","link":"https:\/\/bioprocessimprovement.com\/en\/equipe\/","title":{"rendered":"Team"},"content":{"rendered":"<div id='full_slider_1'  class='avia-fullwidth-slider main_color avia-shadow   avia-builder-el-0  el_before_av_section  avia-builder-el-first   container_wrap sidebar_right' style=' '  ><div   data-size='featured'  data-lightbox_size='large'  data-animation='slide'  data-conditional_play=''  data-ids='4531'  data-video_counter='0'  data-autoplay='false'  data-bg_slider='false'  data-slide_height=''  data-handle='av_slideshow_full'  data-interval='5'  data-class=' '  data-el_id=''  data-css_id=''  data-scroll_down=''  data-control_layout='av-control-default'  data-custom_markup=''  data-perma_caption=''  data-autoplay_stopper=''  data-image_attachment=''  data-min_height='0px'  data-src=''  data-position='top left'  data-repeat='no-repeat'  data-attach='scroll'  data-stretch=''  data-default-height='28.666666666667'  class='avia-slideshow avia-slideshow-1  av-control-default av-default-height-applied avia-slideshow-featured av_slideshow_full   avia-slide-slider'  itemprop=\"image\" itemscope=\"itemscope\" itemtype=\"https:\/\/schema.org\/ImageObject\" ><ul class='avia-slideshow-inner' style='padding-bottom: 28.666666666667%;' ><li  class='av-single-slide slide-1' ><div data-rel='slideshow-1' class='avia-slide-wrap'   ><img src='https:\/\/bioprocessimprovement.com\/wp-content\/uploads\/2020\/08\/banner-equipe-1500x430.jpg' width='1500' height='430' title='banner-equipe' alt=''  itemprop=\"thumbnailUrl\"   \/><\/div><\/li><\/ul><\/div><\/div>\n<div id='av_section_1'  class='avia-section main_color avia-section-large avia-no-border-styling  avia-bg-style-scroll  avia-builder-el-1  el_after_av_slideshow_full  el_before_av_textblock   av-arrow-down-section container_wrap sidebar_right' style=' '  ><div class='container' ><div class='template-page content  av-content-small alpha units'><div class='post-entry post-entry-type-page post-entry-4139'><div class='entry-content-wrapper clearfix'>\n<div class=\"flex_column av_one_full  flex_column_div first  avia-builder-el-2  avia-builder-el-no-sibling\" ><div  style='padding-bottom:10px; ' class='av-special-heading av-special-heading-h1  blockquote modern-quote  avia-builder-el-3  avia-builder-el-no-sibling'><h1 class='av-special-heading-tag'  itemprop=\"headline\"  >Team Bioprocess<\/h1><div class='special-heading-border'><div class='special-heading-inner-border' ><\/div><\/div><\/div><\/div>\n<\/div><\/div><\/div><!-- close content main div --><\/div><div class='av-extra-border-element border-extra-arrow-down'><div class='av-extra-border-outer'><div class='av-extra-border-inner'  style='background-color:#ffffff;' ><\/div><\/div><\/div><\/div><div id='after_section_1'  class='main_color av_default_container_wrap container_wrap sidebar_right' style=' '  ><div class='container' ><div class='template-page content  av-content-small alpha units'><div class='post-entry post-entry-type-page post-entry-4139'><div class='entry-content-wrapper clearfix'>\n<section class=\"av_textblock_section\"  itemscope=\"itemscope\" itemtype=\"https:\/\/schema.org\/CreativeWork\" ><div class='avia_textblock'   itemprop=\"text\" ><p>Our team is highly qualified, made up of doctors (PhDs) with extensive experience in innovation management, process improvements and construction of industrial units in market leading companies.<\/p>\n<\/div><\/section>\n<\/div><\/div><\/div><!-- close content main div --><\/div><\/div><div id='av-layout-grid-1'  class='av-layout-grid-container entry-content-wrapper main_color av-flex-cells     avia-builder-el-5  el_after_av_textblock  el_before_av_layout_row  submenu-not-first container_wrap sidebar_right' style=' '  >\n<div class=\"flex_cell no_margin av_one_fifth  avia-builder-el-6  el_before_av_cell_one_fifth  avia-builder-el-first\" ><div class='flex_cell_inner' ><\/div><\/div><div class=\"flex_cell no_margin av_one_fifth  avia-builder-el-7  el_after_av_cell_one_fifth  el_before_av_cell_one_fifth\" ><div class='flex_cell_inner' ><section  class='avia-team-member   avia-builder-el-8  avia-builder-el-no-sibling'  itemscope=\"itemscope\" itemtype=\"https:\/\/schema.org\/Person\" ><div class='team-img-container'><img class='avia_image avia_image_team' src='https:\/\/bioprocessimprovement.com\/wp-content\/uploads\/2022\/07\/0E8EE6AA-CAB1-4D78-BECA-16FCCBB60050-300x300.jpeg' alt='Daniel Atala'  itemprop=\"image\"  \/><div class='team-social'><div class='team-social-inner'><span class='hidden av_member_url_markup'  itemprop=\"url\" >http:\/\/<\/span><a rel='v:url' data-avia-tooltip=\"Curr\u00edculo Lattes\"  class='avia-team-icon' href='http:\/\/' aria-hidden='true' data-av_icon='\ue84d' data-av_iconfont='entypo-fontello'><\/a><span class='hidden av_member_url_markup'  itemprop=\"url\" >http:\/\/<\/span><a rel='v:url' data-avia-tooltip=\"LinkedIn\"  class='avia-team-icon' href='http:\/\/' aria-hidden='true' data-av_icon='\ue8fd' data-av_iconfont='entypo-fontello'><\/a><\/div><\/div><\/div><h3 class='team-member-name'    itemprop=\"name\" >Daniel Atala<\/h3><div class='team-member-job-title'   itemprop=\"jobTitle\" >S\u00f3cio Fundador<\/div><div class='team-member-description'  itemprop=\"description\"  ><p>Engenheiro de Processos e Inova\u00e7\u00e3o<\/p>\n<\/div><span class='hidden team-member-affiliation'  itemprop=\"affiliation\" >Bioprocess Improvement<\/span><\/section>\n<\/div><\/div><div class=\"flex_cell no_margin av_one_fifth  avia-builder-el-9  el_after_av_cell_one_fifth  el_before_av_cell_one_fifth\"  style='vertical-align:top; padding:30px; ' ><div class='flex_cell_inner' ><section  class='avia-team-member   avia-builder-el-10  avia-builder-el-no-sibling'  itemscope=\"itemscope\" itemtype=\"https:\/\/schema.org\/Person\" ><div class='team-img-container'><img class='avia_image avia_image_team' src='https:\/\/bioprocessimprovement.com\/wp-content\/uploads\/2022\/07\/D1959D18-0A32-4F03-B0A7-7E32797A9F51-300x300.jpeg' alt='Luciano Armiliato '  itemprop=\"image\"  \/><div class='team-social'><div class='team-social-inner'><span class='hidden av_member_url_markup'  itemprop=\"url\" >http:\/\/<\/span><a rel='v:url' data-avia-tooltip=\"Curr\u00edculo Lattes\"  class='avia-team-icon' href='http:\/\/' aria-hidden='true' data-av_icon='\ue84d' data-av_iconfont='entypo-fontello'><\/a><span class='hidden av_member_url_markup'  itemprop=\"url\" >http:\/\/<\/span><a rel='v:url' data-avia-tooltip=\"LinkedIn\"  class='avia-team-icon' href='http:\/\/' aria-hidden='true' data-av_icon='\ue8fd' data-av_iconfont='entypo-fontello'><\/a><\/div><\/div><\/div><h3 class='team-member-name'    itemprop=\"name\" >Luciano Armiliato <\/h3><div class='team-member-job-title'   itemprop=\"jobTitle\" >S\u00f3cio Fundador<\/div><div class='team-member-description'  itemprop=\"description\"  ><p>Engenheiro de Processos e Inova\u00e7\u00e3o<\/p>\n<\/div><span class='hidden team-member-affiliation'  itemprop=\"affiliation\" >Bioprocess Improvement<\/span><\/section>\n<\/div><\/div><div class=\"flex_cell no_margin av_one_fifth  avia-builder-el-11  el_after_av_cell_one_fifth  el_before_av_cell_one_fifth\"  style='vertical-align:top; padding:30px; ' ><div class='flex_cell_inner' ><section  class='avia-team-member   avia-builder-el-12  avia-builder-el-no-sibling'  itemscope=\"itemscope\" itemtype=\"https:\/\/schema.org\/Person\" ><div class='team-img-container'><img class='avia_image avia_image_team' src='https:\/\/bioprocessimprovement.com\/wp-content\/uploads\/2022\/07\/EF4133F6-5125-4BE8-8659-06BE9C36560E.jpeg' alt='Marcelo Ventura Rubio'  itemprop=\"image\"  \/><div class='team-social'><div class='team-social-inner'><span class='hidden av_member_url_markup'  itemprop=\"url\" >http:\/\/<\/span><a rel='v:url' data-avia-tooltip=\"Curr\u00edculo Lattes\"  class='avia-team-icon' href='http:\/\/' aria-hidden='true' data-av_icon='\ue84d' data-av_iconfont='entypo-fontello'><\/a><span class='hidden av_member_url_markup'  itemprop=\"url\" >http:\/\/<\/span><a rel='v:url' data-avia-tooltip=\"LinkedIn\"  class='avia-team-icon' href='http:\/\/' aria-hidden='true' data-av_icon='\ue8fd' data-av_iconfont='entypo-fontello'><\/a><\/div><\/div><\/div><h3 class='team-member-name'    itemprop=\"name\" >Marcelo Ventura Rubio<\/h3><div class='team-member-job-title'   itemprop=\"jobTitle\" >S\u00f3cio Fundador<\/div><div class='team-member-description'  itemprop=\"description\"  ><p>Bi\u00f3logo e Inova\u00e7\u00e3o<\/p>\n<\/div><span class='hidden team-member-affiliation'  itemprop=\"affiliation\" >Bioprocess Improvement<\/span><\/section>\n<\/div><\/div><div class=\"flex_cell no_margin av_one_fifth  avia-builder-el-13  el_after_av_cell_one_fifth  avia-builder-el-last\"  style='vertical-align:top; padding:30px; ' ><div class='flex_cell_inner' ><\/div><\/div><\/div><div id='av-layout-grid-2'  class='av-layout-grid-container entry-content-wrapper main_color av-flex-cells     avia-builder-el-14  el_after_av_layout_row  el_before_av_layout_row  submenu-not-first container_wrap sidebar_right' style=' '  >\n<div class=\"flex_cell no_margin av_one_fifth  avia-builder-el-15  el_before_av_cell_one_fifth  avia-builder-el-first\" ><div class='flex_cell_inner' ><\/div><\/div><div class=\"flex_cell no_margin av_one_fifth  avia-builder-el-16  el_after_av_cell_one_fifth  el_before_av_cell_one_fifth\" ><div class='flex_cell_inner' ><section  class='avia-team-member   avia-builder-el-17  avia-builder-el-no-sibling'  itemscope=\"itemscope\" itemtype=\"https:\/\/schema.org\/Person\" ><div class='team-img-container'><img class='avia_image avia_image_team' src='https:\/\/bioprocessimprovement.com\/wp-content\/uploads\/2022\/07\/4D1C732A-FF9A-4426-BDE8-39C055BC23B5-300x300.jpeg' alt='Carlos Calmanovici'  itemprop=\"image\"  \/><div class='team-social'><div class='team-social-inner'><span class='hidden av_member_url_markup'  itemprop=\"url\" >http:\/\/<\/span><a rel='v:url' data-avia-tooltip=\"Curr\u00edculo Lattes\"  class='avia-team-icon' href='http:\/\/' aria-hidden='true' data-av_icon='\ue84d' data-av_iconfont='entypo-fontello'><\/a><span class='hidden av_member_url_markup'  itemprop=\"url\" >http:\/\/<\/span><a rel='v:url' data-avia-tooltip=\"LinkedIn\"  class='avia-team-icon' href='http:\/\/' aria-hidden='true' data-av_icon='\ue8fd' data-av_iconfont='entypo-fontello'><\/a><\/div><\/div><\/div><h3 class='team-member-name'    itemprop=\"name\" >Carlos Calmanovici<\/h3><div class='team-member-job-title'   itemprop=\"jobTitle\" >Mentor<\/div><div class='team-member-description'  itemprop=\"description\"  ><p>Engenheiro de Processos e Inova\u00e7\u00e3o<\/p>\n<\/div><span class='hidden team-member-affiliation'  itemprop=\"affiliation\" >Bioprocess Improvement<\/span><\/section>\n<\/div><\/div><div class=\"flex_cell no_margin av_one_fifth  avia-builder-el-18  el_after_av_cell_one_fifth  el_before_av_cell_one_fifth\"  style='vertical-align:top; padding:30px; ' ><div class='flex_cell_inner' ><section  class='avia-team-member   avia-builder-el-19  avia-builder-el-no-sibling'  itemscope=\"itemscope\" itemtype=\"https:\/\/schema.org\/Person\" ><div class='team-img-container'><img class='avia_image avia_image_team' src='https:\/\/bioprocessimprovement.com\/wp-content\/uploads\/2022\/07\/EC59694D-DB68-47E9-91F6-273BED1BD271.jpeg' alt='Mo\u00edses Alves'  itemprop=\"image\"  \/><div class='team-social'><div class='team-social-inner'><span class='hidden av_member_url_markup'  itemprop=\"url\" >http:\/\/<\/span><a rel='v:url' data-avia-tooltip=\"Curr\u00edculo Lattes\"  class='avia-team-icon' href='http:\/\/' aria-hidden='true' data-av_icon='\ue84d' data-av_iconfont='entypo-fontello'><\/a><span class='hidden av_member_url_markup'  itemprop=\"url\" >http:\/\/<\/span><a rel='v:url' data-avia-tooltip=\"LinkedIn\"  class='avia-team-icon' href='http:\/\/' aria-hidden='true' data-av_icon='\ue8fd' data-av_iconfont='entypo-fontello'><\/a><\/div><\/div><\/div><h3 class='team-member-name'    itemprop=\"name\" >Mo\u00edses Alves<\/h3><div class='team-member-job-title'   itemprop=\"jobTitle\" >Cientista de dados<\/div><span class='hidden team-member-affiliation'  itemprop=\"affiliation\" >Bioprocess Improvement<\/span><\/section>\n<\/div><\/div><div class=\"flex_cell no_margin av_one_fifth  avia-builder-el-20  el_after_av_cell_one_fifth  el_before_av_cell_one_fifth\"  style='vertical-align:top; padding:30px; ' ><div class='flex_cell_inner' ><section  class='avia-team-member   avia-builder-el-21  avia-builder-el-no-sibling'  itemscope=\"itemscope\" itemtype=\"https:\/\/schema.org\/Person\" ><div class='team-img-container'><img class='avia_image avia_image_team' src='https:\/\/bioprocessimprovement.com\/wp-content\/uploads\/2022\/07\/2FBDD282-F41B-4512-BC5A-8EC22B2D3739-300x300.jpeg' alt='Viviane Yoshimi Egawa '  itemprop=\"image\"  \/><div class='team-social'><div class='team-social-inner'><span class='hidden av_member_url_markup'  itemprop=\"url\" >http:\/\/<\/span><a rel='v:url' data-avia-tooltip=\"Curr\u00edculo Lattes\"  class='avia-team-icon' href='http:\/\/' aria-hidden='true' data-av_icon='\ue84d' data-av_iconfont='entypo-fontello'><\/a><span class='hidden av_member_url_markup'  itemprop=\"url\" >http:\/\/<\/span><a rel='v:url' data-avia-tooltip=\"LinkedIn\"  class='avia-team-icon' href='http:\/\/' aria-hidden='true' data-av_icon='\ue8fd' data-av_iconfont='entypo-fontello'><\/a><\/div><\/div><\/div><h3 class='team-member-name'    itemprop=\"name\" >Viviane Yoshimi Egawa <\/h3><div class='team-member-job-title'   itemprop=\"jobTitle\" >Analista de P&D<\/div><div class='team-member-description'  itemprop=\"description\"  ><p>Engenheira de Bioprocessos<\/p>\n<\/div><span class='hidden team-member-affiliation'  itemprop=\"affiliation\" >Bioprocess Improvement<\/span><\/section>\n<\/div><\/div><div class=\"flex_cell no_margin av_one_fifth  avia-builder-el-22  el_after_av_cell_one_fifth  avia-builder-el-last\"  style='vertical-align:top; padding:30px; ' ><div class='flex_cell_inner' ><\/div><\/div><\/div><div id='av-layout-grid-3'  class='av-layout-grid-container entry-content-wrapper main_color av-flex-cells     avia-builder-el-23  el_after_av_layout_row  el_before_av_layout_row  submenu-not-first container_wrap sidebar_right' style=' '  >\n<div class=\"flex_cell no_margin av_one_fourth  avia-builder-el-24  el_before_av_cell_one_fourth  avia-builder-el-first\" ><div class='flex_cell_inner' ><\/div><\/div><div class=\"flex_cell no_margin av_one_fourth  avia-builder-el-25  el_after_av_cell_one_fourth  el_before_av_cell_one_fourth\" ><div class='flex_cell_inner' ><\/div><\/div><div class=\"flex_cell no_margin av_one_fourth  avia-builder-el-26  el_after_av_cell_one_fourth  el_before_av_cell_one_fourth\"  style='vertical-align:top; padding:30px; ' ><div class='flex_cell_inner' ><\/div><\/div><div class=\"flex_cell no_margin av_one_fourth  avia-builder-el-27  el_after_av_cell_one_fourth  avia-builder-el-last\"  style='vertical-align:top; padding:30px; ' ><div class='flex_cell_inner' ><\/div><\/div><\/div><div id='av-layout-grid-4'  class='av-layout-grid-container entry-content-wrapper main_color av-flex-cells     avia-builder-el-28  el_after_av_layout_row  avia-builder-el-last  submenu-not-first container_wrap sidebar_right' style=' '  >\n<div class=\"flex_cell no_margin av_one_half  avia-builder-el-29  el_before_av_cell_one_half  avia-builder-el-first\"  style='background: #0cce94; vertical-align:middle; padding:60px; background-color:#0cce94; ' ><div class='flex_cell_inner' ><section class=\"av_textblock_section\"  itemscope=\"itemscope\" itemtype=\"https:\/\/schema.org\/CreativeWork\" ><div class='avia_textblock  av_inherit_color'  style='font-size:16px; color:#ffffff; '  itemprop=\"text\" ><p style=\"font-weight: 400; text-align: right;\"><span style=\"font-weight: 400;\">A Bioprocess Improvement possui um quadro de colaboradores das mais diversificadas \u00e1reas do conhecimento, com atua\u00e7\u00e3o de anos em grandes empresas do setor de biotecnologia que se destacam por seu papel na Pesquisa, Desenvolvimento e Inova\u00e7\u00e3o do setor de biotecnologia no Brasil. Contando com uma forte base acad\u00eamica, fazem a ponte entre o conhecimento te\u00f3rico e a ci\u00eancia aplicada, tendo em foco projetos inovadores e disruptivos para al\u00e9m das empresas de bioeconomia, mas tamb\u00e9m empresas dos setores agro, de alimentos, de bebidas, de nutri\u00e7\u00e3o animal, veterin\u00e1ria e farmac\u00eautica.<\/span><\/p>\n<\/div><\/section>\n<\/div><\/div><div class=\"flex_cell no_margin av_one_half  avia-builder-el-31  el_after_av_cell_one_half  avia-builder-el-last   avia-full-stretch\"  style='background:url(https:\/\/bioprocessimprovement.com\/wp-content\/uploads\/2020\/07\/faceless-laboratory-technician-conducting-chemical-test-3825368.jpg) top left no-repeat scroll #55a6ed; vertical-align:middle; padding:60px; background-color:#55a6ed; ' ><div class='flex_cell_inner' ><\/div><\/div>\n<\/div><\/p>","protected":false},"excerpt":{"rendered":"","protected":false},"author":1,"featured_media":0,"parent":0,"menu_order":0,"comment_status":"open","ping_status":"closed","template":"","meta":{"footnotes":""},"class_list":["post-4139","page","type-page","status-publish","hentry"],"_links":{"self":[{"href":"https:\/\/bioprocessimprovement.com\/en\/wp-json\/wp\/v2\/pages\/4139","targetHints":{"allow":["GET"]}}],"collection":[{"href":"https:\/\/bioprocessimprovement.com\/en\/wp-json\/wp\/v2\/pages"}],"about":[{"href":"https:\/\/bioprocessimprovement.com\/en\/wp-json\/wp\/v2\/types\/page"}],"author":[{"embeddable":true,"href":"https:\/\/bioprocessimprovement.com\/en\/wp-json\/wp\/v2\/users\/1"}],"replies":[{"embeddable":true,"href":"https:\/\/bioprocessimprovement.com\/en\/wp-json\/wp\/v2\/comments?post=4139"}],"version-history":[{"count":34,"href":"https:\/\/bioprocessimprovement.com\/en\/wp-json\/wp\/v2\/pages\/4139\/revisions"}],"predecessor-version":[{"id":4726,"href":"https:\/\/bioprocessimprovement.com\/en\/wp-json\/wp\/v2\/pages\/4139\/revisions\/4726"}],"wp:attachment":[{"href":"https:\/\/bioprocessimprovement.com\/en\/wp-json\/wp\/v2\/media?parent=4139"}],"curies":[{"name":"wp","href":"https:\/\/api.w.org\/{rel}","templated":true}]}}