{"id":63,"date":"2014-08-29T08:00:40","date_gmt":"2014-08-29T11:00:40","guid":{"rendered":"http:\/\/wp\/?page_id=63"},"modified":"2022-07-11T15:01:29","modified_gmt":"2022-07-11T18:01:29","slug":"quem-somos","status":"publish","type":"page","link":"https:\/\/bioprocessimprovement.com\/en\/quem-somos\/","title":{"rendered":"About Us"},"content":{"rendered":"<div id='full_slider_1'  class='avia-fullwidth-slider main_color avia-shadow   avia-builder-el-0  el_before_av_section  avia-builder-el-first   container_wrap sidebar_right' style=' '  ><div   data-size='featured'  data-lightbox_size='large'  data-animation='slide'  data-conditional_play=''  data-ids='4529'  data-video_counter='0'  data-autoplay='false'  data-bg_slider='false'  data-slide_height=''  data-handle='av_slideshow_full'  data-interval='5'  data-class=' '  data-el_id=''  data-css_id=''  data-scroll_down=''  data-control_layout='av-control-default'  data-custom_markup=''  data-perma_caption=''  data-autoplay_stopper=''  data-image_attachment=''  data-min_height='0px'  data-src=''  data-position='top left'  data-repeat='no-repeat'  data-attach='scroll'  data-stretch=''  data-default-height='28.666666666667'  class='avia-slideshow avia-slideshow-1  av-control-default av-default-height-applied avia-slideshow-featured av_slideshow_full   avia-slide-slider'  itemprop=\"image\" itemscope=\"itemscope\" itemtype=\"https:\/\/schema.org\/ImageObject\" ><ul class='avia-slideshow-inner' style='padding-bottom: 28.666666666667%;' ><li  class='av-single-slide slide-1' ><div data-rel='slideshow-1' class='avia-slide-wrap'   ><img src='https:\/\/bioprocessimprovement.com\/wp-content\/uploads\/2020\/08\/banner-quem-somos-1500x430.jpg' width='1500' height='430' title='banner-quem-somos' alt=''  itemprop=\"thumbnailUrl\"   \/><\/div><\/li><\/ul><\/div><\/div>\n<div id='av_section_1'  class='avia-section main_color avia-section-large avia-no-border-styling  avia-bg-style-scroll  avia-builder-el-1  el_after_av_slideshow_full  el_before_av_section   av-arrow-down-section container_wrap sidebar_right' style='background-repeat: no-repeat; background-image: url(https:\/\/bioprocessimprovement.com\/wp-content\/uploads\/2020\/07\/bg-trans.jpg);background-attachment: scroll; background-position: top left;  '  data-section-bg-repeat='no-repeat'><div class='container' ><div class='template-page content  av-content-small alpha units'><div class='post-entry post-entry-type-page post-entry-63'><div class='entry-content-wrapper clearfix'>\n<div class=\"flex_column av_one_fifth  flex_column_div first  avia-builder-el-2  el_before_av_two_fifth  avia-builder-el-first\" ><\/div><div class=\"flex_column av_two_fifth  flex_column_div   avia-builder-el-3  el_after_av_one_fifth  el_before_av_two_fifth\" ><p><div  style='padding-bottom:10px; ' class='av-special-heading av-special-heading-h1  blockquote modern-quote  avia-builder-el-4  el_before_av_textblock  avia-builder-el-first'><h1 class='av-special-heading-tag'  itemprop=\"headline\"  >Story<\/h1><div class='special-heading-border'><div class='special-heading-inner-border' ><\/div><\/div><\/div><br \/>\n<section class=\"av_textblock_section\"  itemscope=\"itemscope\" itemtype=\"https:\/\/schema.org\/CreativeWork\" ><div class='avia_textblock'   itemprop=\"text\" ><p class=\"translation-block\"><strong> Bioprocess Improvement <\/strong> is a startup focused on industrial biotechnological processes (bioprocesses), founded in 2018, located in Campinas, SP, incubated at Unicamp and which has several projects funded by FAPESP under the PIPE modality. <br>\nWe develop Platform-type projects (applicable in different productive sectors) and have a Global presence.<\/p>\n<p>Bioprocess Improvement's mission is to be a global technological innovation company recognized for excellence in scientific and technological knowledge.<\/p>\n<p>We develop innovative and disruptive projects from their conception (TRL 1 - ideas on paper) to their implementation (TRL above 6). We use the best practices of project management and innovation management, adding value at each stage.<br \/>\nOur team is highly qualified, made up of doctors (PhDs) with extensive experience in innovation management, process improvements and construction of industrial units in market leading companies.<\/p>\n<\/div><\/section><\/p><\/div><div class=\"flex_column av_two_fifth  flex_column_div   avia-builder-el-6  el_after_av_two_fifth  el_before_av_one_fifth\" ><p><section class=\"av_textblock_section\"  itemscope=\"itemscope\" itemtype=\"https:\/\/schema.org\/CreativeWork\" ><div class='avia_textblock'   itemprop=\"text\" ><p>A\u00a0<b>Bioprocess Improvement<\/b>\u00a0tem sua atua\u00e7\u00e3o destacada em Biotecnologia e Processos (Bioprocessos). Dentro da \u00e1rea de Biotecnologia aplicada destaca-se o projeto de Controle Biol\u00f3gico de Processos Fermentativos Industriais. J\u00e1 no segmento de Processos, os destaques est\u00e3o na Prototipagem Virtual de Processos Fermentativos Industriais, na Biorrefinaria Virtual e na Bioprocess 4.0 que consiste no uso de Sensor Virtual baseado em intelig\u00eancia Artificial acoplado em G\u00eameos Digitais.<\/p>\n<p>Atuamos tamb\u00e9m com consultorias especializadas, treinamento e capacita\u00e7\u00e3o de pessoas e na melhoria e otimiza\u00e7\u00e3o de processos industriais, na identifica\u00e7\u00e3o de gargalos de processos, com excel\u00eancia operacional e na gest\u00e3o da inova\u00e7\u00e3o e intelig\u00eancia competitiva.<\/p>\n<\/div><\/section><br \/>\n<div  class='avia-progress-bar-container  avia_animate_when_almost_visible  avia-builder-el-8  el_after_av_textblock  avia-builder-el-last  av-flat-bar av-fixed-bar'><div class='avia-progress-bar aqua-bar icon-bar-no'><div class='progressbar-title-wrap'><div class='progressbar-icon'><span class='progressbar-char' aria-hidden='true' data-av_icon='\ue856' data-av_iconfont='entypo-fontello'><\/span><\/div><div class='progressbar-title'>Biotecnologia Aplicada<\/div><\/div><div class='progress' ><div class='bar-outer'><div class='bar' style='width: 100%' data-progress='100'><\/div><\/div><\/div><\/div><div class='avia-progress-bar aqua-bar icon-bar-no'><div class='progressbar-title-wrap'><div class='progressbar-icon'><span class='progressbar-char' aria-hidden='true' data-av_icon='\ue800' data-av_iconfont='entypo-fontello'><\/span><\/div><div class='progressbar-title'>Highly qualified team<\/div><\/div><div class='progress' ><div class='bar-outer'><div class='bar' style='width: 100%' data-progress='100'><\/div><\/div><\/div><\/div><div class='avia-progress-bar aqua-bar icon-bar-no'><div class='progressbar-title-wrap'><div class='progressbar-icon'><span class='progressbar-char' aria-hidden='true' data-av_icon='\ue800' data-av_iconfont='entypo-fontello'><\/span><\/div><div class='progressbar-title'>Tecnologias disruptivas tipo plataforma<\/div><\/div><div class='progress' ><div class='bar-outer'><div class='bar' style='width: 100%' data-progress='100'><\/div><\/div><\/div><\/div><div class='avia-progress-bar aqua-bar icon-bar-no'><div class='progressbar-title-wrap'><div class='progressbar-icon'><span class='progressbar-char' aria-hidden='true' data-av_icon='\ue800' data-av_iconfont='entypo-fontello'><\/span><\/div><div class='progressbar-title'>Atua\u00e7\u00e3o global<\/div><\/div><div class='progress' ><div class='bar-outer'><div class='bar' style='width: 100%' data-progress='100'><\/div><\/div><\/div><\/div><\/div><\/p><\/div><div class=\"flex_column av_one_fifth  flex_column_div first  avia-builder-el-9  el_after_av_two_fifth  el_before_av_two_fifth\" ><\/div><div class=\"flex_column av_two_fifth  flex_column_div   avia-builder-el-10  el_after_av_one_fifth  el_before_av_two_fifth\" ><section class=\"av_textblock_section\"  itemscope=\"itemscope\" itemtype=\"https:\/\/schema.org\/CreativeWork\" ><div class='avia_textblock'   itemprop=\"text\" ><p><strong>Mission <\/strong>Transform Knowledge into Innovation in the Bioprocess area.<\/p>\n<p><strong>Vison<\/strong> To be a global company of technological innovation recognized for excellence in scientific and technological knowledge.<\/p>\n<p><strong>Worth<\/strong> Human Capital, Innovation, Technology, Bioprocesses, Excellence, Dynamic, Connected to the Future, At the frontier of knowledge.<\/p>\n<\/div><\/section><\/div><div class=\"flex_column av_two_fifth  flex_column_div   avia-builder-el-12  el_after_av_two_fifth  avia-builder-el-last\" ><div  class='avia-image-container  av-styling-circle    avia-builder-el-13  avia-builder-el-no-sibling  avia-align-center'  itemprop=\"image\" itemscope=\"itemscope\" itemtype=\"https:\/\/schema.org\/ImageObject\"  ><div class='avia-image-container-inner'><div class='avia-image-overlay-wrap'><img class='avia_image' src='https:\/\/bioprocessimprovement.com\/wp-content\/uploads\/2020\/07\/19419b.jpg' alt='' title='Orange chemicals in a science glass tube arranged on a shelf.' height=\"945\" width=\"1421\"  itemprop=\"thumbnailUrl\"  \/><\/div><\/div><\/div><\/div><\/div><\/div><\/div><!-- close content main div --><\/div><div class='av-extra-border-element border-extra-arrow-down'><div class='av-extra-border-outer'><div class='av-extra-border-inner'  style='background-color:#ffffff;' ><\/div><\/div><\/div><\/div><div id='av_section_2'  class='avia-section main_color avia-section-default avia-border-extra-arrow-down avia-no-border-styling  avia-bg-style-scroll  avia-builder-el-14  el_after_av_section  avia-builder-el-last   container_wrap sidebar_right' style='background-color: #eaeaea;  '  ><div class='container' ><div class='template-page content  av-content-small alpha units'><div class='post-entry post-entry-type-page post-entry-63'><div class='entry-content-wrapper clearfix'>\n<div class=\"flex_column av_one_fourth  flex_column_div first  avia-builder-el-15  el_before_av_one_fourth  avia-builder-el-first\" ><div  class=\"avia-animated-number av-force-default-color  avia-color-  avia-builder-el-16  avia-builder-el-no-sibling  avia_animate_when_visible\"  data-timer=\"3000\"><strong class=\"heading avia-animated-number-title\" ><span class=\"avia-no-number\">+<\/span><span class=\"avia-single-number __av-single-number\" data-number_format=\"\" data-number=\"4\" data-start_from=\"0\">4<\/span><span class='avia-animated-number-icon av-icon-after-number av-icon-char' aria-hidden='true' data-av_icon='\ue80b' data-av_iconfont='entypo-fontello'><\/span><\/strong><div class='avia-animated-number-content' ><p>Projetos contratados<\/p>\n<\/div><\/div><\/div><div class=\"flex_column av_one_fourth  flex_column_div   avia-builder-el-17  el_after_av_one_fourth  el_before_av_one_fourth\" ><div  class=\"avia-animated-number av-force-default-color  avia-color-  avia-builder-el-18  avia-builder-el-no-sibling  avia_animate_when_visible\"  data-timer=\"3000\"><strong class=\"heading avia-animated-number-title\" ><span class=\"avia-single-number __av-single-number\" data-number_format=\"\" data-number=\"3\" data-start_from=\"0\">3<\/span><span class='avia-animated-number-icon av-icon-after-number av-icon-char' aria-hidden='true' data-av_icon='\ue812' data-av_iconfont='entypo-fontello'><\/span><\/strong><div class='avia-animated-number-content' ><p>Finished Projects<\/p>\n<\/div><\/div><\/div><div class=\"flex_column av_one_fourth  flex_column_div   avia-builder-el-19  el_after_av_one_fourth  el_before_av_one_fourth\" ><div  class=\"avia-animated-number av-force-default-color  avia-color-  avia-builder-el-20  avia-builder-el-no-sibling  avia_animate_when_visible\"  data-timer=\"3000\"><strong class=\"heading avia-animated-number-title\" ><span class=\"avia-single-number __av-single-number\" data-number_format=\"\" data-number=\"3\" data-start_from=\"0\">3<\/span><span class='avia-animated-number-icon av-icon-after-number av-icon-char' aria-hidden='true' data-av_icon='\ue8a8' data-av_iconfont='entypo-fontello'><\/span><\/strong><div class='avia-animated-number-content' ><p>Awards<\/p>\n<\/div><\/div><\/div><div class=\"flex_column av_one_fourth  flex_column_div   avia-builder-el-21  el_after_av_one_fourth  avia-builder-el-last\" ><div  class=\"avia-animated-number av-force-default-color  avia-color-  avia-builder-el-22  avia-builder-el-no-sibling  avia_animate_when_visible\"  data-timer=\"3000\"><strong class=\"heading avia-animated-number-title\" ><span class=\"avia-single-number __av-single-number\" data-number_format=\"\" data-number=\"1\" data-start_from=\"0\">1<\/span><span class='avia-animated-number-icon av-icon-after-number av-icon-char' aria-hidden='true' data-av_icon='\ue824' data-av_iconfont='entypo-fontello'><\/span><\/strong><div class='avia-animated-number-content' ><p>Patentes<\/p>\n<\/div><\/div><\/div><\/div><\/div><\/div><!-- close content main div --><\/div><\/div><div id='after_section_2'  class='main_color av_default_container_wrap container_wrap sidebar_right' style=' '  ><div class='container' ><div class='template-page content  av-content-small alpha units'><div class='post-entry post-entry-type-page post-entry-63'><div class='entry-content-wrapper clearfix'><\/p>","protected":false},"excerpt":{"rendered":"","protected":false},"author":1,"featured_media":0,"parent":0,"menu_order":0,"comment_status":"open","ping_status":"closed","template":"","meta":{"footnotes":""},"class_list":["post-63","page","type-page","status-publish","hentry"],"_links":{"self":[{"href":"https:\/\/bioprocessimprovement.com\/en\/wp-json\/wp\/v2\/pages\/63","targetHints":{"allow":["GET"]}}],"collection":[{"href":"https:\/\/bioprocessimprovement.com\/en\/wp-json\/wp\/v2\/pages"}],"about":[{"href":"https:\/\/bioprocessimprovement.com\/en\/wp-json\/wp\/v2\/types\/page"}],"author":[{"embeddable":true,"href":"https:\/\/bioprocessimprovement.com\/en\/wp-json\/wp\/v2\/users\/1"}],"replies":[{"embeddable":true,"href":"https:\/\/bioprocessimprovement.com\/en\/wp-json\/wp\/v2\/comments?post=63"}],"version-history":[{"count":27,"href":"https:\/\/bioprocessimprovement.com\/en\/wp-json\/wp\/v2\/pages\/63\/revisions"}],"predecessor-version":[{"id":4616,"href":"https:\/\/bioprocessimprovement.com\/en\/wp-json\/wp\/v2\/pages\/63\/revisions\/4616"}],"wp:attachment":[{"href":"https:\/\/bioprocessimprovement.com\/en\/wp-json\/wp\/v2\/media?parent=63"}],"curies":[{"name":"wp","href":"https:\/\/api.w.org\/{rel}","templated":true}]}}